{"id":6226,"date":"2021-12-21T13:20:02","date_gmt":"2021-12-21T13:20:02","guid":{"rendered":"https:\/\/courses.autismseendevelopmentally.org\/?page_id=6226"},"modified":"2026-01-20T20:01:21","modified_gmt":"2026-01-20T20:01:21","slug":"home","status":"publish","type":"page","link":"https:\/\/courses.autismseendevelopmentally.org\/de\/","title":{"rendered":"Startseite"},"content":{"rendered":"<p>[et_pb_section fb_built=&#8221;1&#8243; _builder_version=&#8221;4.16&#8243; _module_preset=&#8221;default&#8221; custom_padding=&#8221;0px|||||&#8221; global_colors_info=&#8221;{}&#8221;][et_pb_row disabled_on=&#8221;off|off|off&#8221; _builder_version=&#8221;4.16&#8243; _module_preset=&#8221;default&#8221; custom_padding=&#8221;0px|||||&#8221; global_colors_info=&#8221;{}&#8221;][et_pb_column type=&#8221;4_4&#8243; _builder_version=&#8221;4.16&#8243; _module_preset=&#8221;default&#8221; global_colors_info=&#8221;{}&#8221;][et_pb_image src=&#8221;https:\/\/courses.autismseendevelopmentally.org\/wp-content\/uploads\/2022\/01\/Mindbuilders_logo_2.jpg&#8221; title_text=&#8221;Mindbuilders_logo_2&#8243; module_class=&#8221;home-logged-out&#8221; _builder_version=&#8221;4.27.4&#8243; _module_preset=&#8221;default&#8221; width=&#8221;50%&#8221; max_width=&#8221;250px&#8221; module_alignment=&#8221;center&#8221; global_colors_info=&#8221;{}&#8221;][\/et_pb_image][et_pb_text _builder_version=&#8221;4.16&#8243; _module_preset=&#8221;default&#8221; text_orientation=&#8221;center&#8221; custom_margin=&#8221;40px|||||&#8221; global_colors_info=&#8221;{}&#8221;]<\/p>\n<h1><span style=\"font-size: xx-large;\">MindBuilders&#8217; Online COURSES<\/span><\/h1>\n<p>[\/et_pb_text][et_pb_login title=&#8221;Log in&#8221; admin_label=&#8221;Login&#8221; module_class=&#8221;home-logged-out&#8221; _builder_version=&#8221;4.16&#8243; _module_preset=&#8221;default&#8221; global_colors_info=&#8221;{}&#8221;]<\/p>\n<p>Please log in to study the contents of the courses you have purchased. If you have not yet purchased a product, the links below will take you to the sales pages for each course.<\/p>\n<p>[\/et_pb_login][et_pb_text module_class=&#8221;home-logged-in&#8221; _builder_version=&#8221;4.16&#8243; _module_preset=&#8221;default&#8221; text_orientation=&#8221;center&#8221; global_colors_info=&#8221;{}&#8221;]<\/p>\n<h2>Welcome!<\/h2>\n<p style=\"text-align: left;\">Simply click on the respective button to study the contents of the courses you have purchased. You can purchase courses that are not yet unlocked on the sales page of the respective product. Please use the same email address for each purchase so that you can access all content with only one account.<\/p>\n<p>[\/et_pb_text][et_pb_text disabled_on=&#8221;on|on|on&#8221; module_class=&#8221;home-logged-in&#8221; _builder_version=&#8221;4.23.1&#8243; _module_preset=&#8221;default&#8221; text_orientation=&#8221;center&#8221; disabled=&#8221;on&#8221; global_colors_info=&#8221;{}&#8221;]<\/p>\n<h2>Willkommen!<\/h2>\n<p>Simply click on the respective button to study the contents of the courses you have purchased.<br \/>You can purchase courses that are not yet unlocked on the sales page of the respective product. Please use the same email address for each purchase so that you can access all content with only one account.<\/p>\n\n<p>[\/et_pb_text][\/et_pb_column][\/et_pb_row][et_pb_row column_structure=&#8221;1_2,1_2&#8243; _builder_version=&#8221;4.27.4&#8243; _module_preset=&#8221;default&#8221; background_enable_color=&#8221;off&#8221; custom_padding=&#8221;3%|3%|3%|3%|true|true&#8221; global_colors_info=&#8221;{}&#8221;][et_pb_column type=&#8221;1_2&#8243; _builder_version=&#8221;4.16&#8243; _module_preset=&#8221;default&#8221; background_color=&#8221;#f2f2f2&#8243; custom_padding=&#8221;3%|3%|3%|3%|true|true&#8221; global_colors_info=&#8221;{}&#8221;][et_pb_image src=&#8221;https:\/\/courses.autismseendevelopmentally.org\/wp-content\/uploads\/Growing-up-AJ_Watt.jpg&#8221; title_text=&#8221;Growing up &#8211; AJ_Watt&#8221; _builder_version=&#8221;4.27.4&#8243; _module_preset=&#8221;default&#8221; global_colors_info=&#8221;{}&#8221;][\/et_pb_image][et_pb_text _builder_version=&#8221;4.22.2&#8243; _module_preset=&#8221;default&#8221; header_2_line_height=&#8221;1.4em&#8221; text_orientation=&#8221;center&#8221; global_colors_info=&#8221;{}&#8221;]<\/p>\n<h2>The Essentials of Growing up<\/h2>\n<p>[\/et_pb_text][et_pb_button button_url=&#8221;https:\/\/courses.autismseendevelopmentally.org\/overview-essentials-of-growing-up\/&#8221; button_text=&#8221;More&#8221; button_alignment=&#8221;center&#8221; _builder_version=&#8221;4.27.4&#8243; _module_preset=&#8221;default&#8221; custom_button=&#8221;on&#8221; button_text_size=&#8221;18px&#8221; global_colors_info=&#8221;{}&#8221;][\/et_pb_button][et_pb_text _builder_version=&#8221;4.27.4&#8243; _module_preset=&#8221;default&#8221; global_colors_info=&#8221;{}&#8221;][\/et_pb_text][et_pb_image src=&#8221;https:\/\/courses.autismseendevelopmentally.org\/wp-content\/uploads\/kind-mit-schlapfen.jpg&#8221; title_text=&#8221;kind mit schlapfen&#8221; _builder_version=&#8221;4.27.4&#8243; _module_preset=&#8221;default&#8221; global_colors_info=&#8221;{}&#8221;][\/et_pb_image][et_pb_text _builder_version=&#8221;4.22.2&#8243; _module_preset=&#8221;default&#8221; header_2_line_height=&#8221;1.4em&#8221; text_orientation=&#8221;center&#8221; global_colors_info=&#8221;{}&#8221;]<\/p>\n<h2>MindBuilders&#8217; Autismus Online-Kurs<\/h2>\n<p>[\/et_pb_text][et_pb_button button_url=&#8221;https:\/\/courses.autismseendevelopmentally.org\/overview-essentials-of-growing-up\/&#8221; button_text=&#8221;In Planung&#8221; button_alignment=&#8221;center&#8221; _builder_version=&#8221;4.27.4&#8243; _module_preset=&#8221;default&#8221; custom_button=&#8221;on&#8221; button_text_size=&#8221;18px&#8221; global_colors_info=&#8221;{}&#8221;][\/et_pb_button][\/et_pb_column][et_pb_column type=&#8221;1_2&#8243; _builder_version=&#8221;4.22.2&#8243; _module_preset=&#8221;default&#8221; background_color=&#8221;#f2f2f2&#8243; custom_padding=&#8221;3%|3%|3%|3%|true|true&#8221; global_colors_info=&#8221;{}&#8221;][et_pb_image src=&#8221;https:\/\/courses.autismseendevelopmentally.org\/wp-content\/uploads\/making-sence-of-autism-sibylle-janert.jpg&#8221; title_text=&#8221;making sence of autism sibylle janert&#8221; _builder_version=&#8221;4.22.2&#8243; _module_preset=&#8221;default&#8221; global_colors_info=&#8221;{}&#8221;][\/et_pb_image][et_pb_text _builder_version=&#8221;4.22.2&#8243; _module_preset=&#8221;default&#8221; header_2_line_height=&#8221;1.4em&#8221; text_orientation=&#8221;center&#8221; global_colors_info=&#8221;{}&#8221;]<\/p>\n<h2>Making Sense of Autism<\/h2>\n<p>[\/et_pb_text][et_pb_button button_url=&#8221;https:\/\/courses.autismseendevelopmentally.org\/overview-making-sense-of-autism\/&#8221; button_text=&#8221;More&#8221; button_alignment=&#8221;center&#8221; _builder_version=&#8221;4.22.2&#8243; _module_preset=&#8221;default&#8221; custom_button=&#8221;on&#8221; button_text_size=&#8221;18px&#8221; global_colors_info=&#8221;{}&#8221;][\/et_pb_button][et_pb_text _builder_version=&#8221;4.27.4&#8243; _module_preset=&#8221;default&#8221; global_colors_info=&#8221;{}&#8221;][\/et_pb_text][et_pb_image src=&#8221;https:\/\/courses.autismseendevelopmentally.org\/wp-content\/uploads\/Design-ohne-Titel8.jpg&#8221; title_text=&#8221;Design ohne Titel(8)&#8221; _builder_version=&#8221;4.27.5&#8243; _module_preset=&#8221;default&#8221; hover_enabled=&#8221;0&#8243; global_colors_info=&#8221;{}&#8221; sticky_enabled=&#8221;0&#8243;][\/et_pb_image][et_pb_text _builder_version=&#8221;4.22.2&#8243; _module_preset=&#8221;default&#8221; header_2_line_height=&#8221;1.4em&#8221; text_orientation=&#8221;center&#8221; global_colors_info=&#8221;{}&#8221;]<\/p>\n<h2>Mastermindgruppe<\/h2>\n<p>[\/et_pb_text][et_pb_button button_url=&#8221;https:\/\/courses.autismseendevelopmentally.org\/kurse\/mastermind-gruppe-2026&#8243; button_text=&#8221;More&#8221; button_alignment=&#8221;center&#8221; _builder_version=&#8221;4.27.5&#8243; _module_preset=&#8221;default&#8221; custom_button=&#8221;on&#8221; button_text_size=&#8221;18px&#8221; global_colors_info=&#8221;{}&#8221;][\/et_pb_button][\/et_pb_column][\/et_pb_row][et_pb_row column_structure=&#8221;1_2,1_2&#8243; make_equal=&#8221;on&#8221; disabled_on=&#8221;on|on|on&#8221; module_class=&#8221;gq_r_fixed_buttons&#8221; _builder_version=&#8221;4.27.4&#8243; _module_preset=&#8221;default&#8221; background_enable_color=&#8221;off&#8221; custom_padding=&#8221;3%|3%|3%|3%|true|true&#8221; disabled=&#8221;on&#8221; global_colors_info=&#8221;{}&#8221;][et_pb_column type=&#8221;1_2&#8243; _builder_version=&#8221;4.16&#8243; _module_preset=&#8221;default&#8221; background_color=&#8221;#f2f2f2&#8243; custom_padding=&#8221;3%|3%|3%|3%|true|true&#8221; global_colors_info=&#8221;{}&#8221;][et_pb_image src=&#8221;https:\/\/courses.autismseendevelopmentally.org\/wp-content\/uploads\/2022\/01\/Mindbuilders_logo_2.jpg&#8221; title_text=&#8221;Mindbuilders_logo_2&#8243; module_class=&#8221;home-logged-out&#8221; _builder_version=&#8221;4.16&#8243; _module_preset=&#8221;default&#8221; width=&#8221;50%&#8221; max_width=&#8221;250px&#8221; module_alignment=&#8221;center&#8221; global_colors_info=&#8221;{}&#8221;][\/et_pb_image][et_pb_login title=&#8221;Log in&#8221; admin_label=&#8221;Login&#8221; module_class=&#8221;home-logged-out&#8221; _builder_version=&#8221;4.16&#8243; _module_preset=&#8221;default&#8221; global_colors_info=&#8221;{}&#8221;]<\/p>\n<p>Please log in to study the contents of the courses you have purchased. If you have not yet purchased a product, the links below will take you to the sales pages for each course.<\/p>\n<p>[\/et_pb_login][et_pb_image src=&#8221;https:\/\/courses.autismseendevelopmentally.org\/wp-content\/uploads\/mindbuilders-community.jpg&#8221; title_text=&#8221;mindbuilders community&#8221; _builder_version=&#8221;4.22.2&#8243; _module_preset=&#8221;default&#8221; global_colors_info=&#8221;{}&#8221;][\/et_pb_image][et_pb_text _builder_version=&#8221;4.22.2&#8243; _module_preset=&#8221;default&#8221; header_2_line_height=&#8221;1.4em&#8221; text_orientation=&#8221;center&#8221; global_colors_info=&#8221;{}&#8221;]<\/p>\n<h2>MindBuilders&#8217; Community<\/p>\n<\/h2>\n<p>[\/et_pb_text][et_pb_button button_url=&#8221;#&#8221; button_text=&#8221;Coming soon&#8221; button_alignment=&#8221;center&#8221; _builder_version=&#8221;4.22.2&#8243; _module_preset=&#8221;default&#8221; custom_button=&#8221;on&#8221; button_text_size=&#8221;18px&#8221; global_colors_info=&#8221;{}&#8221;][\/et_pb_button][\/et_pb_column][et_pb_column type=&#8221;1_2&#8243; _builder_version=&#8221;4.22.2&#8243; _module_preset=&#8221;default&#8221; background_color=&#8221;#f2f2f2&#8243; custom_padding=&#8221;3%|3%|3%|3%|true|true&#8221; global_colors_info=&#8221;{}&#8221;][\/et_pb_column][\/et_pb_row][\/et_pb_section]<\/p>\n","protected":false},"excerpt":{"rendered":"<p>MindBuilders&#8217; Online COURSESPlease log in to study the contents of the courses you have purchased. If you have not yet purchased a product, the links below will take you to the sales pages for each course.Welcome! Simply click on the respective button to study the contents of the courses you have purchased. You can purchase [&hellip;]<\/p>\n","protected":false},"author":1,"featured_media":0,"parent":0,"menu_order":0,"comment_status":"closed","ping_status":"closed","template":"","meta":{"_et_pb_use_builder":"on","_et_pb_old_content":"Sibylle, hier kommt sp\u00e4ter noch eine Startseite. Die gibt es jetzt noch nicht. Ich w\u00fcrde eine Kurs\u00fcbersichtsseite machen.\r\n\r\nOben im Men\u00fc findest du jetzt schon die Kurse - und nur mehr die Kurse - keine anderen Seiten.\r\n\r\n\u00a0\r\n\r\n\u00a0\r\n\r\n\u00a0","_et_gb_content_width":"","footnotes":""},"class_list":["post-6226","page","type-page","status-publish","hentry"],"_links":{"self":[{"href":"https:\/\/courses.autismseendevelopmentally.org\/de\/wp-json\/wp\/v2\/pages\/6226","targetHints":{"allow":["GET"]}}],"collection":[{"href":"https:\/\/courses.autismseendevelopmentally.org\/de\/wp-json\/wp\/v2\/pages"}],"about":[{"href":"https:\/\/courses.autismseendevelopmentally.org\/de\/wp-json\/wp\/v2\/types\/page"}],"author":[{"embeddable":true,"href":"https:\/\/courses.autismseendevelopmentally.org\/de\/wp-json\/wp\/v2\/users\/1"}],"replies":[{"embeddable":true,"href":"https:\/\/courses.autismseendevelopmentally.org\/de\/wp-json\/wp\/v2\/comments?post=6226"}],"version-history":[{"count":9,"href":"https:\/\/courses.autismseendevelopmentally.org\/de\/wp-json\/wp\/v2\/pages\/6226\/revisions"}],"predecessor-version":[{"id":18889,"href":"https:\/\/courses.autismseendevelopmentally.org\/de\/wp-json\/wp\/v2\/pages\/6226\/revisions\/18889"}],"wp:attachment":[{"href":"https:\/\/courses.autismseendevelopmentally.org\/de\/wp-json\/wp\/v2\/media?parent=6226"}],"curies":[{"name":"wp","href":"https:\/\/api.w.org\/{rel}","templated":true}]}}